{"id":97,"date":"2024-10-20T18:15:59","date_gmt":"2024-10-20T18:15:59","guid":{"rendered":"https:\/\/migpecas.com.br\/novosite\/?post_type=product&#038;p=97"},"modified":"2025-04-12T13:17:02","modified_gmt":"2025-04-12T13:17:02","slug":"mig-2022-suporte-torre-para-cabine-scania-g124","status":"publish","type":"product","link":"https:\/\/www.migpecas.com.br\/site\/produto\/mig-2022-suporte-torre-para-cabine-scania-g124\/","title":{"rendered":"MIG 2022 &#8211; SUPORTE TORRE PARA CABINE SCANIA G124"},"content":{"rendered":"<h2>Refer\u00eancia Original &#8211; 1865514 \/ 1927789 \/ 2405514 LADO DIREITO<\/h2>\n<p>Produto n\u00e3o original. Qualquer men\u00e7\u00e3o ao nome ou c\u00f3digo do fabricante do equipamento original s\u00e3o para mera compara\u00e7\u00e3o.<\/p>\n","protected":false},"excerpt":{"rendered":"<p>[:pb]<\/p>\n<h2>Refer\u00eancia Original &#8211; 1865514 \/\u00a01927789 \/ 2405514 LADO DIREITO<\/h2>\n<p>Produto n\u00e3o original. Qualquer men\u00e7\u00e3o ao nome ou c\u00f3digo do fabricante do equipamento original s\u00e3o para mera compara\u00e7\u00e3o.<\/p>\n<p>&nbsp;<\/p>\n","protected":false},"featured_media":155,"comment_status":"open","ping_status":"closed","template":"","meta":[],"product_cat":[23],"product_tag":[],"class_list":{"0":"post-97","1":"product","2":"type-product","3":"status-publish","4":"has-post-thumbnail","6":"product_cat-suportes","8":"first","9":"instock","10":"shipping-taxable","11":"product-type-simple"},"_links":{"self":[{"href":"https:\/\/www.migpecas.com.br\/site\/wp-json\/wp\/v2\/product\/97","targetHints":{"allow":["GET"]}}],"collection":[{"href":"https:\/\/www.migpecas.com.br\/site\/wp-json\/wp\/v2\/product"}],"about":[{"href":"https:\/\/www.migpecas.com.br\/site\/wp-json\/wp\/v2\/types\/product"}],"replies":[{"embeddable":true,"href":"https:\/\/www.migpecas.com.br\/site\/wp-json\/wp\/v2\/comments?post=97"}],"wp:featuredmedia":[{"embeddable":true,"href":"https:\/\/www.migpecas.com.br\/site\/wp-json\/wp\/v2\/media\/155"}],"wp:attachment":[{"href":"https:\/\/www.migpecas.com.br\/site\/wp-json\/wp\/v2\/media?parent=97"}],"wp:term":[{"taxonomy":"product_cat","embeddable":true,"href":"https:\/\/www.migpecas.com.br\/site\/wp-json\/wp\/v2\/product_cat?post=97"},{"taxonomy":"product_tag","embeddable":true,"href":"https:\/\/www.migpecas.com.br\/site\/wp-json\/wp\/v2\/product_tag?post=97"}],"curies":[{"name":"wp","href":"https:\/\/api.w.org\/{rel}","templated":true}]}}