{"id":94,"date":"2024-10-20T18:15:14","date_gmt":"2024-10-20T18:15:14","guid":{"rendered":"https:\/\/migpecas.com.br\/novosite\/?post_type=product&#038;p=94"},"modified":"2024-11-25T20:12:43","modified_gmt":"2024-11-25T20:12:43","slug":"mig-3009-carcaca-da-embreagem-volkswagen-constellation-17-250-24-250-cambio-zf","status":"publish","type":"product","link":"https:\/\/www.migpecas.com.br\/site\/produto\/mig-3009-carcaca-da-embreagem-volkswagen-constellation-17-250-24-250-cambio-zf\/","title":{"rendered":"MIG 3009 &#8211; CARCA\u00c7A DA EMBREAGEM VOLKSWAGEN CONSTELLATION 17.250 \/ 24.250 CAMBIO ZF"},"content":{"rendered":"<h1>Refer\u00eancia Original\u00a0 &#8211;\u00a02T2141169D \/ 2T2141169DRM \/ 2T2141169<\/h1>\n<p>Produto n\u00e3o\u00a0original. Qualquer men\u00e7\u00e3o ao nome ou c\u00f3digo do fabricante do equipamento original s\u00e3o para mera compara\u00e7\u00e3o.<\/p>\n<div id=\"icpbravoaccess_loaded\"><\/div>\n<p>&nbsp;<\/p>\n","protected":false},"excerpt":{"rendered":"<h1>Refer\u00eancia Original\u00a0 &#8211;\u00a02T2141169D \/ 2T2141169DRM \/ 2T2141169<\/h1>\n<p>Produto n\u00e3o\u00a0original. Qualquer men\u00e7\u00e3o ao nome ou c\u00f3digo do fabricante do equipamento original s\u00e3o para mera compara\u00e7\u00e3o.<\/p>\n","protected":false},"featured_media":1557,"comment_status":"open","ping_status":"closed","template":"","meta":[],"product_cat":[17],"product_tag":[],"class_list":{"0":"post-94","1":"product","2":"type-product","3":"status-publish","4":"has-post-thumbnail","6":"product_cat-carcacas-de-embreagem","8":"first","9":"instock","10":"featured","11":"shipping-taxable","12":"product-type-simple"},"_links":{"self":[{"href":"https:\/\/www.migpecas.com.br\/site\/wp-json\/wp\/v2\/product\/94","targetHints":{"allow":["GET"]}}],"collection":[{"href":"https:\/\/www.migpecas.com.br\/site\/wp-json\/wp\/v2\/product"}],"about":[{"href":"https:\/\/www.migpecas.com.br\/site\/wp-json\/wp\/v2\/types\/product"}],"replies":[{"embeddable":true,"href":"https:\/\/www.migpecas.com.br\/site\/wp-json\/wp\/v2\/comments?post=94"}],"wp:featuredmedia":[{"embeddable":true,"href":"https:\/\/www.migpecas.com.br\/site\/wp-json\/wp\/v2\/media\/1557"}],"wp:attachment":[{"href":"https:\/\/www.migpecas.com.br\/site\/wp-json\/wp\/v2\/media?parent=94"}],"wp:term":[{"taxonomy":"product_cat","embeddable":true,"href":"https:\/\/www.migpecas.com.br\/site\/wp-json\/wp\/v2\/product_cat?post=94"},{"taxonomy":"product_tag","embeddable":true,"href":"https:\/\/www.migpecas.com.br\/site\/wp-json\/wp\/v2\/product_tag?post=94"}],"curies":[{"name":"wp","href":"https:\/\/api.w.org\/{rel}","templated":true}]}}