{"id":77,"date":"2024-10-20T18:11:08","date_gmt":"2024-10-20T18:11:08","guid":{"rendered":"https:\/\/migpecas.com.br\/novosite\/?post_type=product&#038;p=77"},"modified":"2025-12-30T08:41:33","modified_gmt":"2025-12-30T08:41:33","slug":"mig-2009-carcaca-da-embreagem-capa-seca-do-cambio-scania-124-caixa-grs900-evolution","status":"publish","type":"product","link":"https:\/\/www.migpecas.com.br\/site\/produto\/mig-2009-carcaca-da-embreagem-capa-seca-do-cambio-scania-124-caixa-grs900-evolution\/","title":{"rendered":"MIG 2009 &#8211; CARCA\u00c7A DA EMBREAGEM (CAPA SECA DO CAMBIO) SCANIA 124 CAIXA GRS900 EVOLUTION"},"content":{"rendered":"<p>&nbsp;<\/p>\n<h2>CARCA\u00c7A COM SERVO DE EMBREAGEM EXTERNO.<\/h2>\n<h2>REF. ORIGINAL 1506119<\/h2>\n<p>Produto n\u00e3o original. Qualquer men\u00e7\u00e3o ao nome ou c\u00f3digo do fabricante do equipamento original s\u00e3o para mera compara\u00e7\u00e3o.[:en]<\/p>\n<p>&nbsp;<\/p>\n","protected":false},"excerpt":{"rendered":"<h2>CARCA\u00c7A COM SERVO DE EMBREAGEM EXTERNO.<\/h2>\n<h2>REF. ORIGINAL 1506119<\/h2>\n<p>Produto n\u00e3o original. Qualquer men\u00e7\u00e3o ao nome ou c\u00f3digo do fabricante do equipamento original s\u00e3o para mera compara\u00e7\u00e3o.<\/p>\n","protected":false},"featured_media":145,"comment_status":"open","ping_status":"closed","template":"","meta":[],"product_cat":[17],"product_tag":[],"class_list":{"0":"post-77","1":"product","2":"type-product","3":"status-publish","4":"has-post-thumbnail","6":"product_cat-carcacas-de-embreagem","8":"first","9":"instock","10":"shipping-taxable","11":"product-type-simple"},"_links":{"self":[{"href":"https:\/\/www.migpecas.com.br\/site\/wp-json\/wp\/v2\/product\/77","targetHints":{"allow":["GET"]}}],"collection":[{"href":"https:\/\/www.migpecas.com.br\/site\/wp-json\/wp\/v2\/product"}],"about":[{"href":"https:\/\/www.migpecas.com.br\/site\/wp-json\/wp\/v2\/types\/product"}],"replies":[{"embeddable":true,"href":"https:\/\/www.migpecas.com.br\/site\/wp-json\/wp\/v2\/comments?post=77"}],"wp:featuredmedia":[{"embeddable":true,"href":"https:\/\/www.migpecas.com.br\/site\/wp-json\/wp\/v2\/media\/145"}],"wp:attachment":[{"href":"https:\/\/www.migpecas.com.br\/site\/wp-json\/wp\/v2\/media?parent=77"}],"wp:term":[{"taxonomy":"product_cat","embeddable":true,"href":"https:\/\/www.migpecas.com.br\/site\/wp-json\/wp\/v2\/product_cat?post=77"},{"taxonomy":"product_tag","embeddable":true,"href":"https:\/\/www.migpecas.com.br\/site\/wp-json\/wp\/v2\/product_tag?post=77"}],"curies":[{"name":"wp","href":"https:\/\/api.w.org\/{rel}","templated":true}]}}