{"id":68,"date":"2024-10-20T18:08:49","date_gmt":"2024-10-20T18:08:49","guid":{"rendered":"https:\/\/migpecas.com.br\/novosite\/?post_type=product&#038;p=68"},"modified":"2025-07-17T13:29:47","modified_gmt":"2025-07-17T13:29:47","slug":"mig-2019-carter-de-oleo-scania-124-motor-d13-d16","status":"publish","type":"product","link":"https:\/\/www.migpecas.com.br\/site\/produto\/mig-2019-carter-de-oleo-scania-124-motor-d13-d16\/","title":{"rendered":"MIG 2019 &#8211; CARTER DE OLEO SCANIA 124 MOTOR D13\/D16 &#8211; 2023780 \/ 1762255 \/ 2184739"},"content":{"rendered":"<h2>Refer\u00eancia Original &#8211;\u00a0\u00a02023780 \/ 1762255 \/ 2184739<\/h2>\n<p>Produto n\u00e3o original. Qualquer men\u00e7\u00e3o ao nome ou c\u00f3digo do fabricante do equipamento original s\u00e3o para mera compara\u00e7\u00e3o.<\/p>\n","protected":false},"excerpt":{"rendered":"<h2>Refer\u00eancia Original &#8211;\u00a0\u00a02023780 \/ 1762255<\/h2>\n<p>Produto n\u00e3o original. Qualquer men\u00e7\u00e3o ao nome ou c\u00f3digo do fabricante do equipamento original s\u00e3o para mera compara\u00e7\u00e3o.<\/p>\n","protected":false},"featured_media":139,"comment_status":"open","ping_status":"closed","template":"","meta":[],"product_cat":[22],"product_tag":[],"class_list":{"0":"post-68","1":"product","2":"type-product","3":"status-publish","4":"has-post-thumbnail","6":"product_cat-carter-de-oleo","8":"first","9":"instock","10":"shipping-taxable","11":"product-type-simple"},"_links":{"self":[{"href":"https:\/\/www.migpecas.com.br\/site\/wp-json\/wp\/v2\/product\/68","targetHints":{"allow":["GET"]}}],"collection":[{"href":"https:\/\/www.migpecas.com.br\/site\/wp-json\/wp\/v2\/product"}],"about":[{"href":"https:\/\/www.migpecas.com.br\/site\/wp-json\/wp\/v2\/types\/product"}],"replies":[{"embeddable":true,"href":"https:\/\/www.migpecas.com.br\/site\/wp-json\/wp\/v2\/comments?post=68"}],"wp:featuredmedia":[{"embeddable":true,"href":"https:\/\/www.migpecas.com.br\/site\/wp-json\/wp\/v2\/media\/139"}],"wp:attachment":[{"href":"https:\/\/www.migpecas.com.br\/site\/wp-json\/wp\/v2\/media?parent=68"}],"wp:term":[{"taxonomy":"product_cat","embeddable":true,"href":"https:\/\/www.migpecas.com.br\/site\/wp-json\/wp\/v2\/product_cat?post=68"},{"taxonomy":"product_tag","embeddable":true,"href":"https:\/\/www.migpecas.com.br\/site\/wp-json\/wp\/v2\/product_tag?post=68"}],"curies":[{"name":"wp","href":"https:\/\/api.w.org\/{rel}","templated":true}]}}