{"id":65,"date":"2024-10-20T18:08:02","date_gmt":"2024-10-20T18:08:02","guid":{"rendered":"https:\/\/migpecas.com.br\/novosite\/?post_type=product&#038;p=65"},"modified":"2024-11-08T01:56:16","modified_gmt":"2024-11-08T01:56:16","slug":"mig-7000-carcaca-capa-seca-do-volante-motor-mwm-x12","status":"publish","type":"product","link":"https:\/\/www.migpecas.com.br\/site\/produto\/mig-7000-carcaca-capa-seca-do-volante-motor-mwm-x12\/","title":{"rendered":"MIG 7000 &#8211; CARCA\u00c7A (CAPA SECA) DO VOLANTE MOTOR MWM X12"},"content":{"rendered":"<h2>Ref. Original 961207010034-04\u00a0\/ 2T2103203C<\/h2>\n<h2>\u00a0 \u00a0 \u00a0 \u00a0 \u00a0 \u00a0 \u00a0 \u00a0 \u00a0 \u00a0 \u00a0 \u00a0 \u00a0 \u00a0961207010114-01 \/ 2T2103203D<\/h2>\n<p>Produto n\u00e3o original. Qualquer men\u00e7\u00e3o ao nome ou c\u00f3digo do fabricante do equipamento original s\u00e3o para mera compara\u00e7\u00e3o.<\/p>\n","protected":false},"excerpt":{"rendered":"<h2>Ref. Original 961207010034 \/ 2T2103203C<\/h2>\n<p>Produto n\u00e3o original. Qualquer men\u00e7\u00e3o ao nome ou c\u00f3digo do fabricante do equipamento original s\u00e3o para mera compara\u00e7\u00e3o.<\/p>\n<div id=\"icpbravoaccess_loaded\"><\/div>\n<div id=\"icpbravoaccess_loaded\"><\/div>\n<div id=\"icpbravoaccess_loaded\"><\/div>\n<p>[:]<\/p>\n","protected":false},"featured_media":137,"comment_status":"open","ping_status":"closed","template":"","meta":[],"product_cat":[16],"product_tag":[],"class_list":{"0":"post-65","1":"product","2":"type-product","3":"status-publish","4":"has-post-thumbnail","6":"product_cat-carcacas-de-volante","8":"first","9":"instock","10":"featured","11":"shipping-taxable","12":"product-type-simple"},"_links":{"self":[{"href":"https:\/\/www.migpecas.com.br\/site\/wp-json\/wp\/v2\/product\/65","targetHints":{"allow":["GET"]}}],"collection":[{"href":"https:\/\/www.migpecas.com.br\/site\/wp-json\/wp\/v2\/product"}],"about":[{"href":"https:\/\/www.migpecas.com.br\/site\/wp-json\/wp\/v2\/types\/product"}],"replies":[{"embeddable":true,"href":"https:\/\/www.migpecas.com.br\/site\/wp-json\/wp\/v2\/comments?post=65"}],"wp:featuredmedia":[{"embeddable":true,"href":"https:\/\/www.migpecas.com.br\/site\/wp-json\/wp\/v2\/media\/137"}],"wp:attachment":[{"href":"https:\/\/www.migpecas.com.br\/site\/wp-json\/wp\/v2\/media?parent=65"}],"wp:term":[{"taxonomy":"product_cat","embeddable":true,"href":"https:\/\/www.migpecas.com.br\/site\/wp-json\/wp\/v2\/product_cat?post=65"},{"taxonomy":"product_tag","embeddable":true,"href":"https:\/\/www.migpecas.com.br\/site\/wp-json\/wp\/v2\/product_tag?post=65"}],"curies":[{"name":"wp","href":"https:\/\/api.w.org\/{rel}","templated":true}]}}