{"id":51,"date":"2024-10-20T18:04:33","date_gmt":"2024-10-20T18:04:33","guid":{"rendered":"https:\/\/migpecas.com.br\/novosite\/?post_type=product&#038;p=51"},"modified":"2024-11-08T02:00:57","modified_gmt":"2024-11-08T02:00:57","slug":"mig-1000-carcaca-de-embreagem-volvo-vt2214b-vt2514b-vt2814b","status":"publish","type":"product","link":"https:\/\/www.migpecas.com.br\/site\/produto\/mig-1000-carcaca-de-embreagem-volvo-vt2214b-vt2514b-vt2814b\/","title":{"rendered":"MIG 1000 &#8211; CARCA\u00c7A DE EMBREAGEM VOLVO VT2214B \/ VT2514B \/ VT2814B"},"content":{"rendered":"<h1>Ref. Original &#8211; 1521443 \/ 21093748 \/\u00a021344085 \/\u00a022287649<\/h1>\n<h1>Renault\u00a074 22 287 649<\/h1>\n<p>Produto n\u00e3o original. Qualquer men\u00e7\u00e3o ao nome ou c\u00f3digo do fabricante do equipamento original s\u00e3o para mera compara\u00e7\u00e3o.<\/p>\n","protected":false},"excerpt":{"rendered":"<p>Ref. Original &#8211; 1521443 \/ 21093748 \/\u00a021344085 \/\u00a022287649 Renault\u00a074 22 287 649 Produto n\u00e3o original. Qualquer men\u00e7\u00e3o ao nome ou c\u00f3digo do fabricante do equipamento original s\u00e3o para mera compara\u00e7\u00e3o.<\/p>\n","protected":false},"featured_media":131,"comment_status":"open","ping_status":"closed","template":"","meta":[],"product_cat":[17],"product_tag":[],"class_list":{"0":"post-51","1":"product","2":"type-product","3":"status-publish","4":"has-post-thumbnail","6":"product_cat-carcacas-de-embreagem","8":"first","9":"instock","10":"shipping-taxable","11":"product-type-simple"},"_links":{"self":[{"href":"https:\/\/www.migpecas.com.br\/site\/wp-json\/wp\/v2\/product\/51","targetHints":{"allow":["GET"]}}],"collection":[{"href":"https:\/\/www.migpecas.com.br\/site\/wp-json\/wp\/v2\/product"}],"about":[{"href":"https:\/\/www.migpecas.com.br\/site\/wp-json\/wp\/v2\/types\/product"}],"replies":[{"embeddable":true,"href":"https:\/\/www.migpecas.com.br\/site\/wp-json\/wp\/v2\/comments?post=51"}],"wp:featuredmedia":[{"embeddable":true,"href":"https:\/\/www.migpecas.com.br\/site\/wp-json\/wp\/v2\/media\/131"}],"wp:attachment":[{"href":"https:\/\/www.migpecas.com.br\/site\/wp-json\/wp\/v2\/media?parent=51"}],"wp:term":[{"taxonomy":"product_cat","embeddable":true,"href":"https:\/\/www.migpecas.com.br\/site\/wp-json\/wp\/v2\/product_cat?post=51"},{"taxonomy":"product_tag","embeddable":true,"href":"https:\/\/www.migpecas.com.br\/site\/wp-json\/wp\/v2\/product_tag?post=51"}],"curies":[{"name":"wp","href":"https:\/\/api.w.org\/{rel}","templated":true}]}}