{"id":45,"date":"2024-10-20T18:03:23","date_gmt":"2024-10-20T18:03:23","guid":{"rendered":"https:\/\/migpecas.com.br\/novosite\/?post_type=product&#038;p=45"},"modified":"2024-11-08T02:01:58","modified_gmt":"2024-11-08T02:01:58","slug":"pbmig-5002-carcaca-do-volante-mercedes-benz-om447-mb1935enmig-5002itmig-5002esmig-5002frmig-5002demig-5002armig-5002","status":"publish","type":"product","link":"https:\/\/www.migpecas.com.br\/site\/produto\/pbmig-5002-carcaca-do-volante-mercedes-benz-om447-mb1935enmig-5002itmig-5002esmig-5002frmig-5002demig-5002armig-5002\/","title":{"rendered":"MIG 5002 &#8211; CARCA\u00c7A DO VOLANTE MERCEDES BENZ OM447 MB1935"},"content":{"rendered":"<h1>Ref. Original &#8211; A4470101033<\/h1>\n<p>Produto n\u00e3o original. Qualquer men\u00e7\u00e3o ao nome ou c\u00f3digo do fabricante do equipamento original s\u00e3o para mera compara\u00e7\u00e3o.<\/p>\n","protected":false},"excerpt":{"rendered":"<p>Carca\u00e7a para Embreagem MOdelo MIG 1004, com alta p\u00e9rformace e qualidade indiscutivel, apresentando \u00f3timas condi\u00e7\u00f5es de durabilidade e desempenho.<\/p>\n","protected":false},"featured_media":127,"comment_status":"closed","ping_status":"closed","template":"","meta":[],"product_cat":[16],"product_tag":[],"class_list":{"0":"post-45","1":"product","2":"type-product","3":"status-publish","4":"has-post-thumbnail","6":"product_cat-carcacas-de-volante","8":"first","9":"instock","10":"featured","11":"virtual","12":"sold-individually","13":"product-type-simple"},"_links":{"self":[{"href":"https:\/\/www.migpecas.com.br\/site\/wp-json\/wp\/v2\/product\/45","targetHints":{"allow":["GET"]}}],"collection":[{"href":"https:\/\/www.migpecas.com.br\/site\/wp-json\/wp\/v2\/product"}],"about":[{"href":"https:\/\/www.migpecas.com.br\/site\/wp-json\/wp\/v2\/types\/product"}],"replies":[{"embeddable":true,"href":"https:\/\/www.migpecas.com.br\/site\/wp-json\/wp\/v2\/comments?post=45"}],"wp:featuredmedia":[{"embeddable":true,"href":"https:\/\/www.migpecas.com.br\/site\/wp-json\/wp\/v2\/media\/127"}],"wp:attachment":[{"href":"https:\/\/www.migpecas.com.br\/site\/wp-json\/wp\/v2\/media?parent=45"}],"wp:term":[{"taxonomy":"product_cat","embeddable":true,"href":"https:\/\/www.migpecas.com.br\/site\/wp-json\/wp\/v2\/product_cat?post=45"},{"taxonomy":"product_tag","embeddable":true,"href":"https:\/\/www.migpecas.com.br\/site\/wp-json\/wp\/v2\/product_tag?post=45"}],"curies":[{"name":"wp","href":"https:\/\/api.w.org\/{rel}","templated":true}]}}