{"id":42,"date":"2024-10-20T18:02:28","date_gmt":"2024-10-20T18:02:28","guid":{"rendered":"https:\/\/migpecas.com.br\/novosite\/?post_type=product&#038;p=42"},"modified":"2024-11-08T02:04:31","modified_gmt":"2024-11-08T02:04:31","slug":"mig-5001-carcaca-do-volante-mercedes-benz-om906-926","status":"publish","type":"product","link":"https:\/\/www.migpecas.com.br\/site\/produto\/mig-5001-carcaca-do-volante-mercedes-benz-om906-926\/","title":{"rendered":"MIG 5001 &#8211; CARCA\u00c7A DO VOLANTE MERCEDES BENZ OM906\/926"},"content":{"rendered":"<h1>Ref. Original &#8211; A9060103333 \/ 906 010 1433 \/ 906 015 2102 \/ 906 010 1833 \/ 906 010 1733 \/ 906 010 0833 906 010 2333 \/ 906 010 1333 \/ 906 010 0733 \/\u00a0 9060100433<\/h1>\n<h3>*Este produto n\u00e3o se aplica a \u00f4nibus. Somente caminh\u00f5es com caixas MB &#8211; G181 \/G210\/211\/221\/240.<\/h3>\n<ul>\n<li>ATEGO 1729 2015 | OM 926 LA &#8211; EURO 5<\/li>\n<li>ATEGO 1730 S 2018 | Todas as vers\u00f5es<\/li>\n<li>ATEGO 1730 S 2019 | Todas as vers\u00f5es<\/li>\n<li>ATEGO 2426 2016 | Todas as vers\u00f5es<\/li>\n<li>ATEGO 2429 2016 | Todas as vers\u00f5es<\/li>\n<li>ATEGO 2430 2015 | Todas as vers\u00f5es<\/li>\n<li>ATEGO 2430 2016 | Todas as vers\u00f5es<\/li>\n<li>ATEGO 2430 2017 | Todas as vers\u00f5es<\/li>\n<li>ATEGO 2430 2018 | Todas as vers\u00f5es<\/li>\n<li>ATEGO 2430 2019 | Todas as vers\u00f5es<\/li>\n<li>ATEGO 2430 2020 | Todas as vers\u00f5es<\/li>\n<li>ATEGO 2730 2016 | Todas as vers\u00f5es<\/li>\n<li>ATEGO 2730 2017 | Todas as vers\u00f5es<\/li>\n<li>ATEGO 2730 2018 | Todas as vers\u00f5es<\/li>\n<li>ATEGO 2730 2019 | Todas as vers\u00f5es<\/li>\n<li>ATEGO 2730 2020 | Todas as vers\u00f5es<\/li>\n<li>ATEGO 2730 B 2016 | Todas as vers\u00f5es<\/li>\n<li>ATEGO 2730 K 2016 | Todas as vers\u00f5es<\/li>\n<li>ATEGO 2730 K 2017 | Todas as vers\u00f5es<\/li>\n<li>ATEGO 2730 K 2018 | Todas as vers\u00f5es<\/li>\n<li>ATEGO 2730 K 2019 | Todas as vers\u00f5es<\/li>\n<li>ATEGO 3030 2016 | OM 926 LA &#8211; EURO 5<\/li>\n<li>ATEGO 3030 2017 | OM 926 LA &#8211; EURO 5<\/li>\n<li>ATEGO 3030 2018 | OM 926 LA &#8211; EURO 5<\/li>\n<li>ATEGO 3030 2019 | OM 926 LA &#8211; EURO 5<\/li>\n<li>ATEGO 3030 2020 | OM 926 LA &#8211; EURO 5<\/li>\n<li>ATRON 2729 2015 | Todas as vers\u00f5es<\/li>\n<li>ATRON 2729 2016 | Todas as vers\u00f5es<\/li>\n<li>ATRON 2729 B 2015 | Todas as vers\u00f5es<\/li>\n<li>ATRON 2729 B 2016 | Todas as vers\u00f5es<\/li>\n<li>ATRON 2729 K 2015 | Todas as vers\u00f5es<\/li>\n<li>ATRON 2729 K 2016 | Todas as vers\u00f5es<\/li>\n<li>AXOR 1933 2018 | Todas as vers\u00f5es<\/li>\n<li>AXOR 1933 2019 | Todas as vers\u00f5es<\/li>\n<li>AXOR 1933 LS 2014 | OM 926 LA EURO 5<\/li>\n<li>AXOR 1933 LS 2016 | OM 926 LA EURO 5<\/li>\n<li>AXOR 1933 LS 2017 | OM 926 LA EURO 5<\/li>\n<li>AXOR 1933 LS 2018 | OM 926 LA EURO 5<\/li>\n<li>AXOR 1933 LS 2019 | Todas as vers\u00f5es<\/li>\n<li>AXOR 1933 S 2015 | OM 926 LA EURO 5<\/li>\n<li>AXOR 1933 S 2016 | Todas as vers\u00f5es<\/li>\n<li>AXOR 1933 S 2017 | OM 926 LA EURO 5<\/li>\n<li>AXOR 1933 S 2018 | Todas as vers\u00f5es<\/li>\n<li>AXOR 1933 S 2019 | Todas as vers\u00f5es<\/li>\n<li>AXOR 2533 2014 | Todas as vers\u00f5es<\/li>\n<li>AXOR 2533 2016 | Todas as vers\u00f5es<\/li>\n<li>AXOR 2533 2018 | Todas as vers\u00f5es<\/li>\n<li>AXOR 2533 2020 | Todas as vers\u00f5es<\/li>\n<li>AXOR 2831 2016 | Todas as vers\u00f5es<\/li>\n<li>AXOR 3131 2015 | Todas as vers\u00f5es<\/li>\n<li>AXOR 3131 2016 | Todas as vers\u00f5es<\/li>\n<li>AXOR 3131 2017 | Todas as vers\u00f5es<\/li>\n<li>AXOR 3131 2018 | Todas as vers\u00f5es<\/li>\n<li>AXOR 3131 2019 | Todas as vers\u00f5es<\/li>\n<li>AXOR 3131 2020 | Todas as vers\u00f5es<\/li>\n<li>AXOR 3131 K 2015 | Todas as vers\u00f5es<\/li>\n<li>AXOR 3131 K 2016 | Todas as vers\u00f5es<\/li>\n<li>AXOR 3131 K 2017 | Todas as vers\u00f5es<\/li>\n<li>AXOR 3131 K 2018 | Todas as vers\u00f5es<\/li>\n<li>AXOR 3131 K 2019 | Todas as vers\u00f5es<\/li>\n<\/ul>\n<p>&nbsp;<\/p>\n<p>Produto n\u00e3o\u00a0original. Qualquer men\u00e7\u00e3o ao nome ou c\u00f3digo do fabricante do equipamento original s\u00e3o para mera compara\u00e7\u00e3o.[:]<\/p>\n","protected":false},"excerpt":{"rendered":"<p>Ref. Original &#8211; A9060103333 \/ 906 010 1433 \/ 906 015 2102 \/ 906 010 1833 \/ 906 010 1733 \/ 906 010 0833 906 010 2333 \/ 906 010 1333 \/ 906 010 0733 \/\u00a0 9060100433 *Este produto n\u00e3o se aplica a \u00f4nibus. Somente caminh\u00f5es com caixas MB &#8211; G181 \/G210\/211\/221\/240. ATEGO 1729 2015 [&hellip;]<\/p>\n","protected":false},"featured_media":125,"comment_status":"closed","ping_status":"closed","template":"","meta":[],"product_cat":[16],"product_tag":[],"class_list":{"0":"post-42","1":"product","2":"type-product","3":"status-publish","4":"has-post-thumbnail","6":"product_cat-carcacas-de-volante","8":"first","9":"instock","10":"featured","11":"virtual","12":"sold-individually","13":"product-type-simple"},"_links":{"self":[{"href":"https:\/\/www.migpecas.com.br\/site\/wp-json\/wp\/v2\/product\/42","targetHints":{"allow":["GET"]}}],"collection":[{"href":"https:\/\/www.migpecas.com.br\/site\/wp-json\/wp\/v2\/product"}],"about":[{"href":"https:\/\/www.migpecas.com.br\/site\/wp-json\/wp\/v2\/types\/product"}],"replies":[{"embeddable":true,"href":"https:\/\/www.migpecas.com.br\/site\/wp-json\/wp\/v2\/comments?post=42"}],"wp:featuredmedia":[{"embeddable":true,"href":"https:\/\/www.migpecas.com.br\/site\/wp-json\/wp\/v2\/media\/125"}],"wp:attachment":[{"href":"https:\/\/www.migpecas.com.br\/site\/wp-json\/wp\/v2\/media?parent=42"}],"wp:term":[{"taxonomy":"product_cat","embeddable":true,"href":"https:\/\/www.migpecas.com.br\/site\/wp-json\/wp\/v2\/product_cat?post=42"},{"taxonomy":"product_tag","embeddable":true,"href":"https:\/\/www.migpecas.com.br\/site\/wp-json\/wp\/v2\/product_tag?post=42"}],"curies":[{"name":"wp","href":"https:\/\/api.w.org\/{rel}","templated":true}]}}