{"id":35,"date":"2024-10-20T18:02:28","date_gmt":"2024-10-20T18:02:28","guid":{"rendered":"https:\/\/migpecas.com.br\/novosite\/?post_type=product&#038;p=35"},"modified":"2024-11-08T02:09:06","modified_gmt":"2024-11-08T02:09:06","slug":"mig-3001-carcaca-do-volante-cummins-serie-c8-3","status":"publish","type":"product","link":"https:\/\/www.migpecas.com.br\/site\/produto\/mig-3001-carcaca-do-volante-cummins-serie-c8-3\/","title":{"rendered":"MIG 3001 &#8211; CARCA\u00c7A DO VOLANTE CUMMINS S\u00c9RIE C8.3"},"content":{"rendered":"<h1>Ref. Original 3906766 (CUMMINS) \/ 2RL103203 (VW)<\/h1>\n<p>Produto n\u00e3o genu\u00edno. Qualquer men\u00e7\u00e3o ao nome ou c\u00f3digos do fabricante do equipamento original s\u00e3o para mera compara\u00e7\u00e3o.<\/p>\n","protected":false},"excerpt":{"rendered":"<p>Produto n\u00e3o original. Qualquer men\u00e7\u00e3o ao nome ou c\u00f3digo do fabricante do equipamento original s\u00e3o para mera compara\u00e7\u00e3o.<\/p>\n","protected":false},"featured_media":104,"comment_status":"closed","ping_status":"closed","template":"","meta":[],"product_cat":[16],"product_tag":[],"class_list":{"0":"post-35","1":"product","2":"type-product","3":"status-publish","4":"has-post-thumbnail","6":"product_cat-carcacas-de-volante","8":"first","9":"instock","10":"featured","11":"virtual","12":"sold-individually","13":"product-type-simple"},"_links":{"self":[{"href":"https:\/\/www.migpecas.com.br\/site\/wp-json\/wp\/v2\/product\/35","targetHints":{"allow":["GET"]}}],"collection":[{"href":"https:\/\/www.migpecas.com.br\/site\/wp-json\/wp\/v2\/product"}],"about":[{"href":"https:\/\/www.migpecas.com.br\/site\/wp-json\/wp\/v2\/types\/product"}],"replies":[{"embeddable":true,"href":"https:\/\/www.migpecas.com.br\/site\/wp-json\/wp\/v2\/comments?post=35"}],"wp:featuredmedia":[{"embeddable":true,"href":"https:\/\/www.migpecas.com.br\/site\/wp-json\/wp\/v2\/media\/104"}],"wp:attachment":[{"href":"https:\/\/www.migpecas.com.br\/site\/wp-json\/wp\/v2\/media?parent=35"}],"wp:term":[{"taxonomy":"product_cat","embeddable":true,"href":"https:\/\/www.migpecas.com.br\/site\/wp-json\/wp\/v2\/product_cat?post=35"},{"taxonomy":"product_tag","embeddable":true,"href":"https:\/\/www.migpecas.com.br\/site\/wp-json\/wp\/v2\/product_tag?post=35"}],"curies":[{"name":"wp","href":"https:\/\/api.w.org\/{rel}","templated":true}]}}