{"id":30,"date":"2024-10-20T18:02:28","date_gmt":"2024-10-20T18:02:28","guid":{"rendered":"https:\/\/migpecas.com.br\/novosite\/?post_type=product&#038;p=30"},"modified":"2024-11-08T02:13:55","modified_gmt":"2024-11-08T02:13:55","slug":"mig-2012-carcaca-da-embreagem-gr900-grs900-scania-113-124","status":"publish","type":"product","link":"https:\/\/www.migpecas.com.br\/site\/produto\/mig-2012-carcaca-da-embreagem-gr900-grs900-scania-113-124\/","title":{"rendered":"MIG 2012 &#8211; CARCA\u00c7A DA EMBREAGEM GR900\/GRS900 SCANIA 113\/124"},"content":{"rendered":"<h1>Ref. Original 1443109<\/h1>\n<p>Produto n\u00e3o original. Qualquer men\u00e7\u00e3o ao nome ou c\u00f3digo do fabricante do equipamento original s\u00e3o para mera compara\u00e7\u00e3o.<\/p>\n","protected":false},"excerpt":{"rendered":"<p>Ref. Original 1443109 Produto n\u00e3o original. Qualquer men\u00e7\u00e3o ao nome ou c\u00f3digo do fabricante do equipamento original s\u00e3o para mera compara\u00e7\u00e3o.<\/p>\n","protected":false},"featured_media":93,"comment_status":"closed","ping_status":"closed","template":"","meta":[],"product_cat":[17],"product_tag":[],"class_list":{"0":"post-30","1":"product","2":"type-product","3":"status-publish","4":"has-post-thumbnail","6":"product_cat-carcacas-de-embreagem","8":"first","9":"instock","10":"featured","11":"virtual","12":"sold-individually","13":"product-type-simple"},"_links":{"self":[{"href":"https:\/\/www.migpecas.com.br\/site\/wp-json\/wp\/v2\/product\/30","targetHints":{"allow":["GET"]}}],"collection":[{"href":"https:\/\/www.migpecas.com.br\/site\/wp-json\/wp\/v2\/product"}],"about":[{"href":"https:\/\/www.migpecas.com.br\/site\/wp-json\/wp\/v2\/types\/product"}],"replies":[{"embeddable":true,"href":"https:\/\/www.migpecas.com.br\/site\/wp-json\/wp\/v2\/comments?post=30"}],"wp:featuredmedia":[{"embeddable":true,"href":"https:\/\/www.migpecas.com.br\/site\/wp-json\/wp\/v2\/media\/93"}],"wp:attachment":[{"href":"https:\/\/www.migpecas.com.br\/site\/wp-json\/wp\/v2\/media?parent=30"}],"wp:term":[{"taxonomy":"product_cat","embeddable":true,"href":"https:\/\/www.migpecas.com.br\/site\/wp-json\/wp\/v2\/product_cat?post=30"},{"taxonomy":"product_tag","embeddable":true,"href":"https:\/\/www.migpecas.com.br\/site\/wp-json\/wp\/v2\/product_tag?post=30"}],"curies":[{"name":"wp","href":"https:\/\/api.w.org\/{rel}","templated":true}]}}