{"id":19,"date":"2024-10-20T18:02:27","date_gmt":"2024-10-20T18:02:27","guid":{"rendered":"https:\/\/migpecas.com.br\/novosite\/?post_type=product&#038;p=19"},"modified":"2024-11-08T02:25:17","modified_gmt":"2024-11-08T02:25:17","slug":"mig-1022-carcaca-da-embreagem-volvo-at-i-shift","status":"publish","type":"product","link":"https:\/\/www.migpecas.com.br\/site\/produto\/mig-1022-carcaca-da-embreagem-volvo-at-i-shift\/","title":{"rendered":"MIG 1022 &#8211; CARCA\u00c7A DA EMBREAGEM VOLVO AT \/ I-SHIFT"},"content":{"rendered":"<p>&nbsp;<\/p>\n<h1>Ref Original 21679941 \/ 21621995 \/ 21103393 \/ 20974367 \/ 21632719 \/\u00a021679939 \/ 21497775 \/ 21497778 \/ 21226320<\/h1>\n<p>Produto n\u00e3o original. Qualquer men\u00e7\u00e3o ao nome ou c\u00f3digo do fabricante do equipamento original s\u00e3o para mera compara\u00e7\u00e3o.<\/p>\n<p>Carca\u00e7a para Embreagem Modelo MIG 1004, com alta performance e qualidade indiscut\u00edvel, apresentando \u00f3timas condi\u00e7\u00f5es de durabilidade e desempenho.<\/p>\n","protected":false},"excerpt":{"rendered":"<p>Carca\u00e7a para Embreagem Modelo MIG 1004, com alta performance e qualidade indiscut\u00edvel, apresentando \u00f3timas condi\u00e7\u00f5es de durabilidade e desempenho.<\/p>\n","protected":false},"featured_media":59,"comment_status":"closed","ping_status":"closed","template":"","meta":[],"product_cat":[17],"product_tag":[],"class_list":{"0":"post-19","1":"product","2":"type-product","3":"status-publish","4":"has-post-thumbnail","6":"product_cat-carcacas-de-embreagem","8":"first","9":"instock","10":"featured","11":"virtual","12":"sold-individually","13":"product-type-simple"},"_links":{"self":[{"href":"https:\/\/www.migpecas.com.br\/site\/wp-json\/wp\/v2\/product\/19","targetHints":{"allow":["GET"]}}],"collection":[{"href":"https:\/\/www.migpecas.com.br\/site\/wp-json\/wp\/v2\/product"}],"about":[{"href":"https:\/\/www.migpecas.com.br\/site\/wp-json\/wp\/v2\/types\/product"}],"replies":[{"embeddable":true,"href":"https:\/\/www.migpecas.com.br\/site\/wp-json\/wp\/v2\/comments?post=19"}],"wp:featuredmedia":[{"embeddable":true,"href":"https:\/\/www.migpecas.com.br\/site\/wp-json\/wp\/v2\/media\/59"}],"wp:attachment":[{"href":"https:\/\/www.migpecas.com.br\/site\/wp-json\/wp\/v2\/media?parent=19"}],"wp:term":[{"taxonomy":"product_cat","embeddable":true,"href":"https:\/\/www.migpecas.com.br\/site\/wp-json\/wp\/v2\/product_cat?post=19"},{"taxonomy":"product_tag","embeddable":true,"href":"https:\/\/www.migpecas.com.br\/site\/wp-json\/wp\/v2\/product_tag?post=19"}],"curies":[{"name":"wp","href":"https:\/\/api.w.org\/{rel}","templated":true}]}}