{"id":18,"date":"2024-10-20T18:02:27","date_gmt":"2024-10-20T18:02:27","guid":{"rendered":"https:\/\/migpecas.com.br\/novosite\/?post_type=product&#038;p=18"},"modified":"2024-11-20T20:57:54","modified_gmt":"2024-11-20T20:57:54","slug":"mig-1021-carcaca-volante-capa-seca-volvo-fh-d13a-d13c","status":"publish","type":"product","link":"https:\/\/www.migpecas.com.br\/site\/produto\/mig-1021-carcaca-volante-capa-seca-volvo-fh-d13a-d13c\/","title":{"rendered":"MIG 1021 &#8211; CARCA\u00c7A VOLANTE (CAPA SECA) VOLVO FH D13A\/D13C"},"content":{"rendered":"<h1>Ref. Original 21063845 \/ 21108501 \/ 21184807 \/\u00a0\u00a021381354 \/\u00a021622396<\/h1>\n<p>Produto n\u00e3o original. Qualquer men\u00e7\u00e3o ao nome ou c\u00f3digo do fabricante do equipamento original s\u00e3o para mera compara\u00e7\u00e3o.<\/p>\n","protected":false},"excerpt":{"rendered":"<h2><strong>Ref. Original 21063845 \/ 21108501 \/ 21184807 \/\u00a0\u00a021381354 \/ 21622396<\/strong><\/h2>\n<div id=\"icpbravoaccess_loaded\">\n<p>Produto n\u00e3o original. Qualquer men\u00e7\u00e3o ao nome ou c\u00f3digo do fabricante do equipamento original s\u00e3o para mera compara\u00e7\u00e3o.<\/p>\n<\/div>\n","protected":false},"featured_media":1553,"comment_status":"closed","ping_status":"closed","template":"","meta":[],"product_cat":[16],"product_tag":[],"class_list":{"0":"post-18","1":"product","2":"type-product","3":"status-publish","4":"has-post-thumbnail","6":"product_cat-carcacas-de-volante","8":"first","9":"instock","10":"featured","11":"virtual","12":"sold-individually","13":"product-type-simple"},"_links":{"self":[{"href":"https:\/\/www.migpecas.com.br\/site\/wp-json\/wp\/v2\/product\/18","targetHints":{"allow":["GET"]}}],"collection":[{"href":"https:\/\/www.migpecas.com.br\/site\/wp-json\/wp\/v2\/product"}],"about":[{"href":"https:\/\/www.migpecas.com.br\/site\/wp-json\/wp\/v2\/types\/product"}],"replies":[{"embeddable":true,"href":"https:\/\/www.migpecas.com.br\/site\/wp-json\/wp\/v2\/comments?post=18"}],"wp:featuredmedia":[{"embeddable":true,"href":"https:\/\/www.migpecas.com.br\/site\/wp-json\/wp\/v2\/media\/1553"}],"wp:attachment":[{"href":"https:\/\/www.migpecas.com.br\/site\/wp-json\/wp\/v2\/media?parent=18"}],"wp:term":[{"taxonomy":"product_cat","embeddable":true,"href":"https:\/\/www.migpecas.com.br\/site\/wp-json\/wp\/v2\/product_cat?post=18"},{"taxonomy":"product_tag","embeddable":true,"href":"https:\/\/www.migpecas.com.br\/site\/wp-json\/wp\/v2\/product_tag?post=18"}],"curies":[{"name":"wp","href":"https:\/\/api.w.org\/{rel}","templated":true}]}}