{"id":17,"date":"2024-10-20T18:02:27","date_gmt":"2024-10-20T18:02:27","guid":{"rendered":"https:\/\/migpecas.com.br\/novosite\/?post_type=product&#038;p=17"},"modified":"2024-11-08T02:22:35","modified_gmt":"2024-11-08T02:22:35","slug":"mig-1020-engate-do-reboque-volvo-fh","status":"publish","type":"product","link":"https:\/\/www.migpecas.com.br\/site\/produto\/mig-1020-engate-do-reboque-volvo-fh\/","title":{"rendered":"MIG 1020 &#8211; ENGATE DO REBOQUE VOLVO FH"},"content":{"rendered":"<h1>Ref. Original 1629389 \/ 20442050<\/h1>\n<p>Produto n\u00e3o original. Qualquer men\u00e7\u00e3o ao nome ou c\u00f3digo do fabricante do equipamento original s\u00e3o para mera compara\u00e7\u00e3o.<\/p>\n<p>&nbsp;<\/p>\n","protected":false},"excerpt":{"rendered":"<p>Carca\u00e7a para Embreagem Modelo MIG 1004, com alta performance e qualidade indiscut\u00edvel, apresentando \u00f3timas condi\u00e7\u00f5es de durabilidade e desempenho.<\/p>\n","protected":false},"featured_media":54,"comment_status":"closed","ping_status":"closed","template":"","meta":[],"product_cat":[15],"product_tag":[],"class_list":{"0":"post-17","1":"product","2":"type-product","3":"status-publish","4":"has-post-thumbnail","6":"product_cat-sem-categoria","8":"first","9":"instock","10":"featured","11":"virtual","12":"sold-individually","13":"product-type-simple"},"_links":{"self":[{"href":"https:\/\/www.migpecas.com.br\/site\/wp-json\/wp\/v2\/product\/17","targetHints":{"allow":["GET"]}}],"collection":[{"href":"https:\/\/www.migpecas.com.br\/site\/wp-json\/wp\/v2\/product"}],"about":[{"href":"https:\/\/www.migpecas.com.br\/site\/wp-json\/wp\/v2\/types\/product"}],"replies":[{"embeddable":true,"href":"https:\/\/www.migpecas.com.br\/site\/wp-json\/wp\/v2\/comments?post=17"}],"wp:featuredmedia":[{"embeddable":true,"href":"https:\/\/www.migpecas.com.br\/site\/wp-json\/wp\/v2\/media\/54"}],"wp:attachment":[{"href":"https:\/\/www.migpecas.com.br\/site\/wp-json\/wp\/v2\/media?parent=17"}],"wp:term":[{"taxonomy":"product_cat","embeddable":true,"href":"https:\/\/www.migpecas.com.br\/site\/wp-json\/wp\/v2\/product_cat?post=17"},{"taxonomy":"product_tag","embeddable":true,"href":"https:\/\/www.migpecas.com.br\/site\/wp-json\/wp\/v2\/product_tag?post=17"}],"curies":[{"name":"wp","href":"https:\/\/api.w.org\/{rel}","templated":true}]}}