{"id":1568,"date":"2025-06-11T19:15:47","date_gmt":"2025-06-11T19:15:47","guid":{"rendered":"https:\/\/www.migpecas.com.br\/site\/?post_type=product&#038;p=1568"},"modified":"2025-06-11T19:16:46","modified_gmt":"2025-06-11T19:16:46","slug":"mig-3014-carcaca-embreagem-capa-seca-cambio-eaton-fs5406-fs6306-fs6406-bh1x7k505aa","status":"publish","type":"product","link":"https:\/\/www.migpecas.com.br\/site\/produto\/mig-3014-carcaca-embreagem-capa-seca-cambio-eaton-fs5406-fs6306-fs6406-bh1x7k505aa\/","title":{"rendered":"MIG 3014 &#8211; CARCA\u00c7A EMBREAGEM (CAPA SECA) CAMBIO EATON FS5406 FS6306 FS6406 BH1X7K505AA"},"content":{"rendered":"<p>APLICA\u00c7\u00c3O: CAMBIO EATON FS5406 FS6306 FS6406\u00a0 REF. FORD BH1X7K505AA<\/p>\n<p>Produto n\u00e3o original. Qualquer men\u00e7\u00e3o ao nome ou c\u00f3digo do fabricante do equipamento original s\u00e3o para mera compara\u00e7\u00e3o.<\/p>\n<p>&nbsp;<\/p>\n","protected":false},"excerpt":{"rendered":"<p>APLICA\u00c7\u00c3O: CAMBIO EATON FS5406 FS6306 FS6406\u00a0 REF. FORD BH1X7K505AA Produto n\u00e3o original. Qualquer men\u00e7\u00e3o ao nome ou c\u00f3digo do fabricante do equipamento original s\u00e3o para mera compara\u00e7\u00e3o. &nbsp;<\/p>\n","protected":false},"featured_media":1569,"comment_status":"open","ping_status":"closed","template":"","meta":[],"product_cat":[17],"product_tag":[],"class_list":{"0":"post-1568","1":"product","2":"type-product","3":"status-publish","4":"has-post-thumbnail","6":"product_cat-carcacas-de-embreagem","8":"first","9":"instock","10":"shipping-taxable","11":"product-type-simple"},"_links":{"self":[{"href":"https:\/\/www.migpecas.com.br\/site\/wp-json\/wp\/v2\/product\/1568","targetHints":{"allow":["GET"]}}],"collection":[{"href":"https:\/\/www.migpecas.com.br\/site\/wp-json\/wp\/v2\/product"}],"about":[{"href":"https:\/\/www.migpecas.com.br\/site\/wp-json\/wp\/v2\/types\/product"}],"replies":[{"embeddable":true,"href":"https:\/\/www.migpecas.com.br\/site\/wp-json\/wp\/v2\/comments?post=1568"}],"wp:featuredmedia":[{"embeddable":true,"href":"https:\/\/www.migpecas.com.br\/site\/wp-json\/wp\/v2\/media\/1569"}],"wp:attachment":[{"href":"https:\/\/www.migpecas.com.br\/site\/wp-json\/wp\/v2\/media?parent=1568"}],"wp:term":[{"taxonomy":"product_cat","embeddable":true,"href":"https:\/\/www.migpecas.com.br\/site\/wp-json\/wp\/v2\/product_cat?post=1568"},{"taxonomy":"product_tag","embeddable":true,"href":"https:\/\/www.migpecas.com.br\/site\/wp-json\/wp\/v2\/product_tag?post=1568"}],"curies":[{"name":"wp","href":"https:\/\/api.w.org\/{rel}","templated":true}]}}