{"id":14,"date":"2024-10-20T18:02:27","date_gmt":"2024-10-20T18:02:27","guid":{"rendered":"https:\/\/migpecas.com.br\/novosite\/?post_type=product&#038;p=14"},"modified":"2024-11-08T02:18:37","modified_gmt":"2024-11-08T02:18:37","slug":"mig-1004-carcaca-da-embreagem-caixa-zf-volvo-nl-edc","status":"publish","type":"product","link":"https:\/\/www.migpecas.com.br\/site\/produto\/mig-1004-carcaca-da-embreagem-caixa-zf-volvo-nl-edc\/","title":{"rendered":"MIG 1004 &#8211; CARCA\u00c7A DA EMBREAGEM CAIXA ZF \/ VOLVO NL\/EDC"},"content":{"rendered":"<h1>Ref. Original 8120853 VOLVO NL (MIG 1004) TODAS AS S\u00c9RIES<\/h1>\n<h1>Ref. Original 1526544 (MIG 1005) &#8211; VOLVO N10<\/h1>\n<h1>Ref. Original 20356480 \/ 1655317 (MIG 1006) VOLVO FH<\/h1>\n<p>Produto n\u00e3o\u00a0original. Qualquer men\u00e7\u00e3o ao nome ou c\u00f3digo do fabricante do equipamento original s\u00e3o para mera compara\u00e7\u00e3o.<\/p>\n","protected":false},"excerpt":{"rendered":"<p>Ref. Original 8120853 VOLVO NL (MIG 1004) TODAS AS S\u00c9RIES Ref. Original 1526544 (MIG 1005) &#8211; VOLVO N10 Ref. Original 20356480 \/ 1655317 (MIG 1006) VOLVO FH Produto n\u00e3o\u00a0original. Qualquer men\u00e7\u00e3o ao nome ou c\u00f3digo do fabricante do equipamento original s\u00e3o para mera compara\u00e7\u00e3o.<\/p>\n","protected":false},"featured_media":46,"comment_status":"closed","ping_status":"closed","template":"","meta":[],"product_cat":[17],"product_tag":[],"class_list":{"0":"post-14","1":"product","2":"type-product","3":"status-publish","4":"has-post-thumbnail","6":"product_cat-carcacas-de-embreagem","8":"first","9":"instock","10":"featured","11":"virtual","12":"sold-individually","13":"product-type-simple"},"_links":{"self":[{"href":"https:\/\/www.migpecas.com.br\/site\/wp-json\/wp\/v2\/product\/14","targetHints":{"allow":["GET"]}}],"collection":[{"href":"https:\/\/www.migpecas.com.br\/site\/wp-json\/wp\/v2\/product"}],"about":[{"href":"https:\/\/www.migpecas.com.br\/site\/wp-json\/wp\/v2\/types\/product"}],"replies":[{"embeddable":true,"href":"https:\/\/www.migpecas.com.br\/site\/wp-json\/wp\/v2\/comments?post=14"}],"wp:featuredmedia":[{"embeddable":true,"href":"https:\/\/www.migpecas.com.br\/site\/wp-json\/wp\/v2\/media\/46"}],"wp:attachment":[{"href":"https:\/\/www.migpecas.com.br\/site\/wp-json\/wp\/v2\/media?parent=14"}],"wp:term":[{"taxonomy":"product_cat","embeddable":true,"href":"https:\/\/www.migpecas.com.br\/site\/wp-json\/wp\/v2\/product_cat?post=14"},{"taxonomy":"product_tag","embeddable":true,"href":"https:\/\/www.migpecas.com.br\/site\/wp-json\/wp\/v2\/product_tag?post=14"}],"curies":[{"name":"wp","href":"https:\/\/api.w.org\/{rel}","templated":true}]}}