{"id":107,"date":"2024-10-20T18:17:50","date_gmt":"2024-10-20T18:17:50","guid":{"rendered":"https:\/\/migpecas.com.br\/novosite\/?post_type=product&#038;p=107"},"modified":"2024-11-08T01:04:40","modified_gmt":"2024-11-08T01:04:40","slug":"pbmig-2021-carcaca-seletora-scania-124-caixa-gr-grs-grso-875-895-905-925-automatizado-sem-retarderenmig-2021-planetary-gear-housing-scania-124-grs905-gearboxitmig-2021-scatola","status":"publish","type":"product","link":"https:\/\/www.migpecas.com.br\/site\/produto\/pbmig-2021-carcaca-seletora-scania-124-caixa-gr-grs-grso-875-895-905-925-automatizado-sem-retarderenmig-2021-planetary-gear-housing-scania-124-grs905-gearboxitmig-2021-scatola\/","title":{"rendered":"MIG 2021 &#8211; CARCA\u00c7A SELETORA SCANIA 124 CAIXA GR \/ GRS \/ GRSO 875 \/ 895 \/ 905 \/ 925 AUTOMATIZADO SEM RETARDER"},"content":{"rendered":"<p>&nbsp;<\/p>\n<h2>Refer\u00eancia Original\u00a0&#8211;\u00a02135977 \/ 2013284<\/h2>\n<p>Produto n\u00e3o\u00a0original. Qualquer men\u00e7\u00e3o ao nome ou c\u00f3digo do fabricante do equipamento original s\u00e3o para mera compara\u00e7\u00e3o.[:en]<\/p>\n<p>&nbsp;<\/p>\n","protected":false},"excerpt":{"rendered":"<p>&nbsp;<\/p>\n<h2>Refer\u00eancia Original\u00a0&#8211;\u00a02135977 \/ 2013284<\/h2>\n<p>&nbsp;<\/p>\n","protected":false},"featured_media":157,"comment_status":"open","ping_status":"closed","template":"","meta":[],"product_cat":[19],"product_tag":[],"class_list":{"0":"post-107","1":"product","2":"type-product","3":"status-publish","4":"has-post-thumbnail","6":"product_cat-carcacas-seletoras","8":"first","9":"instock","10":"shipping-taxable","11":"product-type-simple"},"_links":{"self":[{"href":"https:\/\/www.migpecas.com.br\/site\/wp-json\/wp\/v2\/product\/107","targetHints":{"allow":["GET"]}}],"collection":[{"href":"https:\/\/www.migpecas.com.br\/site\/wp-json\/wp\/v2\/product"}],"about":[{"href":"https:\/\/www.migpecas.com.br\/site\/wp-json\/wp\/v2\/types\/product"}],"replies":[{"embeddable":true,"href":"https:\/\/www.migpecas.com.br\/site\/wp-json\/wp\/v2\/comments?post=107"}],"wp:featuredmedia":[{"embeddable":true,"href":"https:\/\/www.migpecas.com.br\/site\/wp-json\/wp\/v2\/media\/157"}],"wp:attachment":[{"href":"https:\/\/www.migpecas.com.br\/site\/wp-json\/wp\/v2\/media?parent=107"}],"wp:term":[{"taxonomy":"product_cat","embeddable":true,"href":"https:\/\/www.migpecas.com.br\/site\/wp-json\/wp\/v2\/product_cat?post=107"},{"taxonomy":"product_tag","embeddable":true,"href":"https:\/\/www.migpecas.com.br\/site\/wp-json\/wp\/v2\/product_tag?post=107"}],"curies":[{"name":"wp","href":"https:\/\/api.w.org\/{rel}","templated":true}]}}