{"id":106,"date":"2024-10-20T18:17:50","date_gmt":"2024-10-20T18:17:50","guid":{"rendered":"https:\/\/migpecas.com.br\/novosite\/?post_type=product&#038;p=106"},"modified":"2024-11-08T01:05:27","modified_gmt":"2024-11-08T01:05:27","slug":"mig-1026-carcaca-embreagem-volvo-at-2612f-i-shift-new-fh-2017-a-2021","status":"publish","type":"product","link":"https:\/\/www.migpecas.com.br\/site\/produto\/mig-1026-carcaca-embreagem-volvo-at-2612f-i-shift-new-fh-2017-a-2021\/","title":{"rendered":"MIG 1026 &#8211; CARCA\u00c7A EMBREAGEM VOLVO AT 2612F \/ I-SHIFT NEW FH (2017 a 2021)"},"content":{"rendered":"<h1>Refer\u00eancia Original &#8211;\u00a022538397 \/ 23003679<\/h1>\n<p>Produto n\u00e3o original. Qualquer men\u00e7\u00e3o ao nome ou c\u00f3digo do fabricante do equipamento original s\u00e3o para mera compara\u00e7\u00e3o.<\/p>\n","protected":false},"excerpt":{"rendered":"<p>Refer\u00eancia Original &#8211;\u00a022538397 \/ 23003679 Produto n\u00e3o original. Qualquer men\u00e7\u00e3o ao nome ou c\u00f3digo do fabricante do equipamento original s\u00e3o para mera compara\u00e7\u00e3o.<\/p>\n","protected":false},"featured_media":59,"comment_status":"open","ping_status":"closed","template":"","meta":[],"product_cat":[17],"product_tag":[],"class_list":{"0":"post-106","1":"product","2":"type-product","3":"status-publish","4":"has-post-thumbnail","6":"product_cat-carcacas-de-embreagem","8":"first","9":"instock","10":"shipping-taxable","11":"product-type-simple"},"_links":{"self":[{"href":"https:\/\/www.migpecas.com.br\/site\/wp-json\/wp\/v2\/product\/106","targetHints":{"allow":["GET"]}}],"collection":[{"href":"https:\/\/www.migpecas.com.br\/site\/wp-json\/wp\/v2\/product"}],"about":[{"href":"https:\/\/www.migpecas.com.br\/site\/wp-json\/wp\/v2\/types\/product"}],"replies":[{"embeddable":true,"href":"https:\/\/www.migpecas.com.br\/site\/wp-json\/wp\/v2\/comments?post=106"}],"wp:featuredmedia":[{"embeddable":true,"href":"https:\/\/www.migpecas.com.br\/site\/wp-json\/wp\/v2\/media\/59"}],"wp:attachment":[{"href":"https:\/\/www.migpecas.com.br\/site\/wp-json\/wp\/v2\/media?parent=106"}],"wp:term":[{"taxonomy":"product_cat","embeddable":true,"href":"https:\/\/www.migpecas.com.br\/site\/wp-json\/wp\/v2\/product_cat?post=106"},{"taxonomy":"product_tag","embeddable":true,"href":"https:\/\/www.migpecas.com.br\/site\/wp-json\/wp\/v2\/product_tag?post=106"}],"curies":[{"name":"wp","href":"https:\/\/api.w.org\/{rel}","templated":true}]}}