{"id":103,"date":"2024-10-20T18:17:10","date_gmt":"2024-10-20T18:17:10","guid":{"rendered":"https:\/\/migpecas.com.br\/novosite\/?post_type=product&#038;p=103"},"modified":"2025-11-22T13:02:12","modified_gmt":"2025-11-22T13:02:12","slug":"mig-5011-suporte-da-cabine-mercedes-benz-axor-lado-direito-mig-5012-suporte-da-cabine-mercedes-benz-axor-lado-esquerdo","status":"publish","type":"product","link":"https:\/\/www.migpecas.com.br\/site\/produto\/mig-5011-suporte-da-cabine-mercedes-benz-axor-lado-direito-mig-5012-suporte-da-cabine-mercedes-benz-axor-lado-esquerdo\/","title":{"rendered":"MIG 5011 &#8211; SUPORTE DA CABINE MERCEDES BENZ AXOR LADO DIREITO"},"content":{"rendered":"<h1>Ref. Original A9408914920 \/ A 9408905383<\/h1>\n<p>Produto n\u00e3o original. Qualquer men\u00e7\u00e3o ao nome ou c\u00f3digo do fabricante do equipamento original s\u00e3o para mera compara\u00e7\u00e3o.<\/p>\n","protected":false},"excerpt":{"rendered":"<p>Ref. Original A9408914920 \/ A 9408905383 Produto n\u00e3o original. Qualquer men\u00e7\u00e3o ao nome ou c\u00f3digo do fabricante do equipamento original s\u00e3o para mera compara\u00e7\u00e3o.<\/p>\n","protected":false},"featured_media":152,"comment_status":"open","ping_status":"closed","template":"","meta":[],"product_cat":[23],"product_tag":[],"class_list":{"0":"post-103","1":"product","2":"type-product","3":"status-publish","4":"has-post-thumbnail","6":"product_cat-suportes","8":"first","9":"instock","10":"shipping-taxable","11":"product-type-simple"},"_links":{"self":[{"href":"https:\/\/www.migpecas.com.br\/site\/wp-json\/wp\/v2\/product\/103","targetHints":{"allow":["GET"]}}],"collection":[{"href":"https:\/\/www.migpecas.com.br\/site\/wp-json\/wp\/v2\/product"}],"about":[{"href":"https:\/\/www.migpecas.com.br\/site\/wp-json\/wp\/v2\/types\/product"}],"replies":[{"embeddable":true,"href":"https:\/\/www.migpecas.com.br\/site\/wp-json\/wp\/v2\/comments?post=103"}],"wp:featuredmedia":[{"embeddable":true,"href":"https:\/\/www.migpecas.com.br\/site\/wp-json\/wp\/v2\/media\/152"}],"wp:attachment":[{"href":"https:\/\/www.migpecas.com.br\/site\/wp-json\/wp\/v2\/media?parent=103"}],"wp:term":[{"taxonomy":"product_cat","embeddable":true,"href":"https:\/\/www.migpecas.com.br\/site\/wp-json\/wp\/v2\/product_cat?post=103"},{"taxonomy":"product_tag","embeddable":true,"href":"https:\/\/www.migpecas.com.br\/site\/wp-json\/wp\/v2\/product_tag?post=103"}],"curies":[{"name":"wp","href":"https:\/\/api.w.org\/{rel}","templated":true}]}}