{"id":100,"date":"2024-10-20T18:16:45","date_gmt":"2024-10-20T18:16:45","guid":{"rendered":"https:\/\/migpecas.com.br\/novosite\/?post_type=product&#038;p=100"},"modified":"2024-11-08T01:08:50","modified_gmt":"2024-11-08T01:08:50","slug":"pbmig-2023-suporte-torre-para-cabine-scania-g124enmig-2023-suporte-torre-para-cabine-scania-g124-lado-esquerdoitmig-2023-suporte-torre-para-cabine-scania-g124-lado-esquerdoesmig-2023","status":"publish","type":"product","link":"https:\/\/www.migpecas.com.br\/site\/produto\/pbmig-2023-suporte-torre-para-cabine-scania-g124enmig-2023-suporte-torre-para-cabine-scania-g124-lado-esquerdoitmig-2023-suporte-torre-para-cabine-scania-g124-lado-esquerdoesmig-2023\/","title":{"rendered":"MIG 2023 &#8211; SUPORTE TORRE PARA CABINE SCANIA G124"},"content":{"rendered":"<h2>Refer\u00eancia Original &#8211; 1865513 \/ 1927788 \/ 2045513\u00a0LADO\u00a0ESQUERDO<\/h2>\n<p>Produto n\u00e3o original. Qualquer men\u00e7\u00e3o ao nome ou c\u00f3digo do fabricante do equipamento original s\u00e3o para mera compara\u00e7\u00e3o.<\/p>\n","protected":false},"excerpt":{"rendered":"<h2>Refer\u00eancia Original &#8211; 1865513\u00a0\/ 1927788 \/ 2045513 LADO\u00a0ESQUERDO<\/h2>\n<p>Produto n\u00e3o original. Qualquer men\u00e7\u00e3o ao nome ou c\u00f3digo do fabricante do equipamento original s\u00e3o para mera compara\u00e7\u00e3o.<\/p>\n","protected":false},"featured_media":156,"comment_status":"open","ping_status":"closed","template":"","meta":[],"product_cat":[23],"product_tag":[],"class_list":{"0":"post-100","1":"product","2":"type-product","3":"status-publish","4":"has-post-thumbnail","6":"product_cat-suportes","8":"first","9":"instock","10":"shipping-taxable","11":"product-type-simple"},"_links":{"self":[{"href":"https:\/\/www.migpecas.com.br\/site\/wp-json\/wp\/v2\/product\/100","targetHints":{"allow":["GET"]}}],"collection":[{"href":"https:\/\/www.migpecas.com.br\/site\/wp-json\/wp\/v2\/product"}],"about":[{"href":"https:\/\/www.migpecas.com.br\/site\/wp-json\/wp\/v2\/types\/product"}],"replies":[{"embeddable":true,"href":"https:\/\/www.migpecas.com.br\/site\/wp-json\/wp\/v2\/comments?post=100"}],"wp:featuredmedia":[{"embeddable":true,"href":"https:\/\/www.migpecas.com.br\/site\/wp-json\/wp\/v2\/media\/156"}],"wp:attachment":[{"href":"https:\/\/www.migpecas.com.br\/site\/wp-json\/wp\/v2\/media?parent=100"}],"wp:term":[{"taxonomy":"product_cat","embeddable":true,"href":"https:\/\/www.migpecas.com.br\/site\/wp-json\/wp\/v2\/product_cat?post=100"},{"taxonomy":"product_tag","embeddable":true,"href":"https:\/\/www.migpecas.com.br\/site\/wp-json\/wp\/v2\/product_tag?post=100"}],"curies":[{"name":"wp","href":"https:\/\/api.w.org\/{rel}","templated":true}]}}