{"id":2,"date":"2017-05-10T02:57:10","date_gmt":"2017-05-10T02:57:10","guid":{"rendered":"http:\/\/ledmidiadigital.com.br\/migpecas\/?page_id=2"},"modified":"2024-11-11T16:15:32","modified_gmt":"2024-11-11T16:15:32","slug":"institucional","status":"publish","type":"page","link":"https:\/\/www.migpecas.com.br\/site\/institucional\/","title":{"rendered":"Institucional"},"content":{"rendered":"<h1>A Empresa<\/h1>\n<p>A MIG Ind\u00fastria e Com\u00e9rcio de Pe\u00e7as Eireli \u00e9 uma empresa fabricante de autope\u00e7as voltada ao mercado de reposi\u00e7\u00e3o (pe\u00e7as alternativas) de caminh\u00f5es pesados das marcas Volvo, Scania, Mercedes Benz, Ford, VW e outros.<br \/>Com uma linha produtos focada no <em>aftermarket <\/em>(reposi\u00e7\u00e3o), a MIG possui uma equipe de vendas e p\u00f3s-vendas que atinge distribuidores de autope\u00e7as em todo o territ\u00f3rio nacional e exterior. Investindo constantemente em sua estrutura operacional, a empresa conta com equipe de funcion\u00e1rios altamente treinados e experientes, que garantem o desenvolvimento, fabrica\u00e7\u00e3o e a qualidade final dos produtos oferecidos.<\/p>\n<p>\u00a0<\/p>\n<h1>Vis\u00e3o<\/h1>\n<p>Crescer de forma org\u00e2nica e sustent\u00e1vel no mercado de pe\u00e7as de reposi\u00e7\u00e3o para caminh\u00f5es e se tornar refer\u00eancia na fabrica\u00e7\u00e3o de produtos fundidos e usinados especializado neste segmento.<\/p>\n<h1>Miss\u00e3o<\/h1>\n<p>Oferecer pe\u00e7as de reposi\u00e7\u00e3o que satisfa\u00e7am as necessidades de nossos parceiros, respeitar a cadeia comercial e melhorar continuamente nossos produtos e processos.<\/p>\n<h1>Mercado de Atua\u00e7\u00e3o<\/h1>\n<p>A empresa \u00e9 focada na fabrica\u00e7\u00e3o de componentes \u00a0para motores diesel, caixas de transmiss\u00e3o e diferenciais para caminh\u00f5es e utilit\u00e1rios.<\/p><figure class=\"wp-block-image size-full\"><a href=\"https:\/\/www.migpecas.com.br\/novosite\/wp-content\/uploads\/2024\/11\/WhatsApp-Image-2024-11-11-at-10.40.10.jpeg\"><img loading=\"lazy\" decoding=\"async\" width=\"986\" height=\"896\" src=\"https:\/\/www.migpecas.com.br\/novosite\/wp-content\/uploads\/2024\/11\/WhatsApp-Image-2024-11-11-at-10.40.10.jpeg\" alt=\"\" class=\"wp-image-1481\" srcset=\"https:\/\/www.migpecas.com.br\/site\/wp-content\/uploads\/2024\/11\/WhatsApp-Image-2024-11-11-at-10.40.10.jpeg 986w, https:\/\/www.migpecas.com.br\/site\/wp-content\/uploads\/2024\/11\/WhatsApp-Image-2024-11-11-at-10.40.10-450x409.jpeg 450w, https:\/\/www.migpecas.com.br\/site\/wp-content\/uploads\/2024\/11\/WhatsApp-Image-2024-11-11-at-10.40.10-300x273.jpeg 300w, https:\/\/www.migpecas.com.br\/site\/wp-content\/uploads\/2024\/11\/WhatsApp-Image-2024-11-11-at-10.40.10-768x698.jpeg 768w\" sizes=\"auto, (max-width: 986px) 100vw, 986px\" \/><\/a><\/figure>","protected":false},"excerpt":{"rendered":"<p>A Empresa A MIG Ind\u00fastria e Com\u00e9rcio de Pe\u00e7as Eireli \u00e9 uma empresa fabricante de autope\u00e7as voltada ao mercado de reposi\u00e7\u00e3o (pe\u00e7as alternativas) de caminh\u00f5es pesados das marcas Volvo, Scania, Mercedes Benz, Ford, VW e outros.Com uma linha produtos focada no aftermarket (reposi\u00e7\u00e3o), a MIG possui uma equipe de vendas e p\u00f3s-vendas que atinge distribuidores [&hellip;]<\/p>\n","protected":false},"author":1,"featured_media":0,"parent":0,"menu_order":0,"comment_status":"closed","ping_status":"closed","template":"","meta":{"footnotes":""},"class_list":["post-2","page","type-page","status-publish","hentry"],"_links":{"self":[{"href":"https:\/\/www.migpecas.com.br\/site\/wp-json\/wp\/v2\/pages\/2","targetHints":{"allow":["GET"]}}],"collection":[{"href":"https:\/\/www.migpecas.com.br\/site\/wp-json\/wp\/v2\/pages"}],"about":[{"href":"https:\/\/www.migpecas.com.br\/site\/wp-json\/wp\/v2\/types\/page"}],"author":[{"embeddable":true,"href":"https:\/\/www.migpecas.com.br\/site\/wp-json\/wp\/v2\/users\/1"}],"replies":[{"embeddable":true,"href":"https:\/\/www.migpecas.com.br\/site\/wp-json\/wp\/v2\/comments?post=2"}],"version-history":[{"count":2,"href":"https:\/\/www.migpecas.com.br\/site\/wp-json\/wp\/v2\/pages\/2\/revisions"}],"predecessor-version":[{"id":1482,"href":"https:\/\/www.migpecas.com.br\/site\/wp-json\/wp\/v2\/pages\/2\/revisions\/1482"}],"wp:attachment":[{"href":"https:\/\/www.migpecas.com.br\/site\/wp-json\/wp\/v2\/media?parent=2"}],"curies":[{"name":"wp","href":"https:\/\/api.w.org\/{rel}","templated":true}]}}